{"id":19129,"date":"2024-05-27T10:37:39","date_gmt":"2024-05-27T10:37:39","guid":{"rendered":"https:\/\/nova.moravka.rs\/?page_id=19129"},"modified":"2026-03-24T07:51:45","modified_gmt":"2026-03-24T07:51:45","slug":"sertifikati","status":"publish","type":"page","link":"https:\/\/moravka.rs\/en\/sertifikati\/","title":{"rendered":"Certificates"},"content":{"rendered":"<div data-elementor-type=\"wp-page\" data-elementor-id=\"19129\" class=\"elementor elementor-19129\">\n\t\t\t\t<div class=\"wd-negative-gap elementor-element elementor-element-9d6b808 e-flex e-con-boxed e-con e-parent\" data-id=\"9d6b808\" data-element_type=\"container\" data-e-type=\"container\">\n\t\t\t\t\t<div class=\"e-con-inner\">\n\t\t\t\t<div class=\"elementor-element elementor-element-215e972 wd-width-100 elementor-widget elementor-widget-wd_title\" data-id=\"215e972\" data-element_type=\"widget\" data-e-type=\"widget\" data-widget_type=\"wd_title.default\">\n\t\t\t\t<div class=\"elementor-widget-container\">\n\t\t\t\t\t\t\t<div class=\"title-wrapper wd-set-mb reset-last-child wd-title-color-primary wd-title-style-default wd-title-size-extra-large text-center\">\n\n\t\t\t\t\t\t\t\t\t\t\t<div class=\"title-subtitle subtitle-color-primary subtitle-style-default wd-fontsize-m\">\n\t\t\t\t\tQuality and safety\t\t\t\t<\/div>\n\t\t\t\n\t\t\t<div class=\"liner-continer\">\n\t\t\t\t<h1 class=\"woodmart-title-container title wd-fontsize-xxxl\">Moravka's certificates of quality<\/h1> \n\t\t\t\t\t\t\t<\/div>\n\n\t\t\t\t\t\t\t<div class=\"title-after_title reset-last-child wd-fontsize-s\">\n\t\t\t\t\t<p>Our mission is to deliver quality and safe products to our customers and partners. The certificates that Moravka possesses guarantee the fulfillment of the company's mission in terms of product quality and safety, environmental responsibility, health and safety at work. We have the following certificates: <strong>IFS<\/strong>, <strong>ISO 45001<\/strong>, <strong>ISO 14001<\/strong>Moravka Pro can deliver some <strong>RFA<\/strong> and <strong>RSPO<\/strong> certified products, in accordance with customer requirements. Also, the company meets <strong>the Smeta <\/strong>standard (member of Sedex)<\/p>\u00a0\t\t\t\t<\/div>\n\t\t\t\t\t<\/div>\n\t\t\t\t\t\t<\/div>\n\t\t\t\t<\/div>\n\t\t\t\t\t<\/div>\n\t\t\t\t<\/div>\n\t\t<div class=\"wd-negative-gap elementor-element elementor-element-130802e e-flex e-con-boxed e-con e-parent\" data-id=\"130802e\" data-element_type=\"container\" data-e-type=\"container\" data-settings=\"{&quot;background_background&quot;:&quot;classic&quot;}\">\n\t\t\t\t\t<div class=\"e-con-inner\">\n\t\t<div class=\"wd-negative-gap elementor-element elementor-element-56e27b3 e-flex e-con-boxed e-con e-child\" data-id=\"56e27b3\" data-element_type=\"container\" data-e-type=\"container\">\n\t\t\t\t\t<div class=\"e-con-inner\">\n\t\t\t\t<div class=\"elementor-element elementor-element-b637e42 elementor-widget elementor-widget-wd_image_or_svg\" data-id=\"b637e42\" data-element_type=\"widget\" data-e-type=\"widget\" data-widget_type=\"wd_image_or_svg.default\">\n\t\t\t\t<div class=\"elementor-widget-container\">\n\t\t\t\t\t\n\t\t<div class=\"wd-image text-left photoswipe-images\">\n\t\t\t\t\t\t\t<a  href=\"https:\/\/moravka.rs\/wp-content\/uploads\/2024\/06\/CERTIFICATE-IFS-FOOD.jpg\"data-width=\"701\" data-height=\"1000\" data-elementor-open-lightbox=\"no\" aria-label=\"Image link\">\n\t\t\t\t\t\t\t\t<img fetchpriority=\"high\" decoding=\"async\" width=\"701\" height=\"1000\" src=\"https:\/\/moravka.rs\/wp-content\/uploads\/2024\/06\/CERTIFICATE-IFS-FOOD.jpg\" class=\"attachment-full size-full\" alt=\"\" srcset=\"https:\/\/moravka.rs\/wp-content\/uploads\/2024\/06\/CERTIFICATE-IFS-FOOD.jpg 701w, https:\/\/moravka.rs\/wp-content\/uploads\/2024\/06\/CERTIFICATE-IFS-FOOD-210x300.jpg 210w, https:\/\/moravka.rs\/wp-content\/uploads\/2024\/06\/CERTIFICATE-IFS-FOOD-561x800.jpg 561w, https:\/\/moravka.rs\/wp-content\/uploads\/2024\/06\/CERTIFICATE-IFS-FOOD-8x12.jpg 8w, https:\/\/moravka.rs\/wp-content\/uploads\/2024\/06\/CERTIFICATE-IFS-FOOD-430x613.jpg 430w, https:\/\/moravka.rs\/wp-content\/uploads\/2024\/06\/CERTIFICATE-IFS-FOOD-150x214.jpg 150w\" sizes=\"(max-width: 701px) 100vw, 701px\" \/>\t\t\t\t\t\t\t<\/a>\n\t\t\t\t\t<\/div>\n\n\t\t\t\t\t\t<\/div>\n\t\t\t\t<\/div>\n\t\t\t\t<div class=\"elementor-element elementor-element-8829c8b elementor-widget elementor-widget-heading\" data-id=\"8829c8b\" data-element_type=\"widget\" data-e-type=\"widget\" data-widget_type=\"heading.default\">\n\t\t\t\t<div class=\"elementor-widget-container\">\n\t\t\t\t\t<h3 class=\"elementor-heading-title elementor-size-default\">CERTIFICATE IFS FOOD<\/h3>\t\t\t\t<\/div>\n\t\t\t\t<\/div>\n\t\t\t\t\t<\/div>\n\t\t\t\t<\/div>\n\t\t<div class=\"wd-negative-gap elementor-element elementor-element-6d35a4e e-flex e-con-boxed e-con e-child\" data-id=\"6d35a4e\" data-element_type=\"container\" data-e-type=\"container\">\n\t\t\t\t\t<div class=\"e-con-inner\">\n\t\t\t\t<div class=\"elementor-element elementor-element-dd5a3c6 elementor-widget elementor-widget-wd_image_or_svg\" data-id=\"dd5a3c6\" data-element_type=\"widget\" data-e-type=\"widget\" data-widget_type=\"wd_image_or_svg.default\">\n\t\t\t\t<div class=\"elementor-widget-container\">\n\t\t\t\t\t\n\t\t<div class=\"wd-image text-left photoswipe-images\">\n\t\t\t\t\t\t\t<a  href=\"https:\/\/moravka.rs\/wp-content\/uploads\/2024\/06\/ISO-1400-2015-vazi-do-2026.-na-srpskom.jpg\"data-width=\"707\" data-height=\"1000\" data-elementor-open-lightbox=\"no\" aria-label=\"Image link\">\n\t\t\t\t\t\t\t\t<img decoding=\"async\" width=\"707\" height=\"1000\" src=\"https:\/\/moravka.rs\/wp-content\/uploads\/2024\/06\/ISO-1400-2015-vazi-do-2026.-na-srpskom.jpg\" class=\"attachment-full size-full\" alt=\"\" srcset=\"https:\/\/moravka.rs\/wp-content\/uploads\/2024\/06\/ISO-1400-2015-vazi-do-2026.-na-srpskom.jpg 707w, https:\/\/moravka.rs\/wp-content\/uploads\/2024\/06\/ISO-1400-2015-vazi-do-2026.-na-srpskom-212x300.jpg 212w, https:\/\/moravka.rs\/wp-content\/uploads\/2024\/06\/ISO-1400-2015-vazi-do-2026.-na-srpskom-566x800.jpg 566w, https:\/\/moravka.rs\/wp-content\/uploads\/2024\/06\/ISO-1400-2015-vazi-do-2026.-na-srpskom-8x12.jpg 8w, https:\/\/moravka.rs\/wp-content\/uploads\/2024\/06\/ISO-1400-2015-vazi-do-2026.-na-srpskom-430x608.jpg 430w, https:\/\/moravka.rs\/wp-content\/uploads\/2024\/06\/ISO-1400-2015-vazi-do-2026.-na-srpskom-150x212.jpg 150w\" sizes=\"(max-width: 707px) 100vw, 707px\" \/>\t\t\t\t\t\t\t<\/a>\n\t\t\t\t\t<\/div>\n\n\t\t\t\t\t\t<\/div>\n\t\t\t\t<\/div>\n\t\t\t\t<div class=\"elementor-element elementor-element-dcd514d elementor-widget elementor-widget-heading\" data-id=\"dcd514d\" data-element_type=\"widget\" data-e-type=\"widget\" data-widget_type=\"heading.default\">\n\t\t\t\t<div class=\"elementor-widget-container\">\n\t\t\t\t\t<h3 class=\"elementor-heading-title elementor-size-default\">ISO 1400 2015 (SR)<\/h3>\t\t\t\t<\/div>\n\t\t\t\t<\/div>\n\t\t\t\t<div class=\"elementor-element elementor-element-943fcb9 color-scheme-inherit text-left elementor-widget elementor-widget-text-editor\" data-id=\"943fcb9\" data-element_type=\"widget\" data-e-type=\"widget\" data-widget_type=\"text-editor.default\">\n\t\t\t\t<div class=\"elementor-widget-container\">\n\t\t\t\t\t\t\t\t\t<p style=\"text-align: center;\"><em> Valid until 2026.<\/em><\/p>\t\t\t\t\t\t\t\t<\/div>\n\t\t\t\t<\/div>\n\t\t\t\t\t<\/div>\n\t\t\t\t<\/div>\n\t\t<div class=\"wd-negative-gap elementor-element elementor-element-51dbc5c e-flex e-con-boxed e-con e-child\" data-id=\"51dbc5c\" data-element_type=\"container\" data-e-type=\"container\">\n\t\t\t\t\t<div class=\"e-con-inner\">\n\t\t\t\t<div class=\"elementor-element elementor-element-45fb346 elementor-widget elementor-widget-wd_image_or_svg\" data-id=\"45fb346\" data-element_type=\"widget\" data-e-type=\"widget\" data-widget_type=\"wd_image_or_svg.default\">\n\t\t\t\t<div class=\"elementor-widget-container\">\n\t\t\t\t\t\n\t\t<div class=\"wd-image text-left photoswipe-images\">\n\t\t\t\t\t\t\t<a  href=\"https:\/\/moravka.rs\/wp-content\/uploads\/2024\/06\/ISO-1400-2015-vazi-do-2026.jpg\"data-width=\"707\" data-height=\"1000\" data-elementor-open-lightbox=\"no\" aria-label=\"Image link\">\n\t\t\t\t\t\t\t\t<img decoding=\"async\" width=\"707\" height=\"1000\" src=\"https:\/\/moravka.rs\/wp-content\/uploads\/2024\/06\/ISO-1400-2015-vazi-do-2026.jpg\" class=\"attachment-full size-full\" alt=\"\" srcset=\"https:\/\/moravka.rs\/wp-content\/uploads\/2024\/06\/ISO-1400-2015-vazi-do-2026.jpg 707w, https:\/\/moravka.rs\/wp-content\/uploads\/2024\/06\/ISO-1400-2015-vazi-do-2026-212x300.jpg 212w, https:\/\/moravka.rs\/wp-content\/uploads\/2024\/06\/ISO-1400-2015-vazi-do-2026-566x800.jpg 566w, https:\/\/moravka.rs\/wp-content\/uploads\/2024\/06\/ISO-1400-2015-vazi-do-2026-8x12.jpg 8w, https:\/\/moravka.rs\/wp-content\/uploads\/2024\/06\/ISO-1400-2015-vazi-do-2026-430x608.jpg 430w, https:\/\/moravka.rs\/wp-content\/uploads\/2024\/06\/ISO-1400-2015-vazi-do-2026-150x212.jpg 150w\" sizes=\"(max-width: 707px) 100vw, 707px\" \/>\t\t\t\t\t\t\t<\/a>\n\t\t\t\t\t<\/div>\n\n\t\t\t\t\t\t<\/div>\n\t\t\t\t<\/div>\n\t\t\t\t<div class=\"elementor-element elementor-element-5b9ba89 elementor-widget elementor-widget-heading\" data-id=\"5b9ba89\" data-element_type=\"widget\" data-e-type=\"widget\" data-widget_type=\"heading.default\">\n\t\t\t\t<div class=\"elementor-widget-container\">\n\t\t\t\t\t<h3 class=\"elementor-heading-title elementor-size-default\">ISO 1400 2015 (EN)<\/h3>\t\t\t\t<\/div>\n\t\t\t\t<\/div>\n\t\t\t\t<div class=\"elementor-element elementor-element-693dbce color-scheme-inherit text-left elementor-widget elementor-widget-text-editor\" data-id=\"693dbce\" data-element_type=\"widget\" data-e-type=\"widget\" data-widget_type=\"text-editor.default\">\n\t\t\t\t<div class=\"elementor-widget-container\">\n\t\t\t\t\t\t\t\t\t<p style=\"text-align: center;\"><em> Valid until 2026.<\/em><\/p>\t\t\t\t\t\t\t\t<\/div>\n\t\t\t\t<\/div>\n\t\t\t\t\t<\/div>\n\t\t\t\t<\/div>\n\t\t\t\t\t<\/div>\n\t\t\t\t<\/div>\n\t\t<div class=\"wd-negative-gap elementor-element elementor-element-2e57263 e-flex e-con-boxed e-con e-parent\" data-id=\"2e57263\" data-element_type=\"container\" data-e-type=\"container\" data-settings=\"{&quot;background_background&quot;:&quot;classic&quot;}\">\n\t\t\t\t\t<div class=\"e-con-inner\">\n\t\t<div class=\"wd-negative-gap elementor-element elementor-element-ebabc15 e-flex e-con-boxed e-con e-child\" data-id=\"ebabc15\" data-element_type=\"container\" data-e-type=\"container\">\n\t\t\t\t\t<div class=\"e-con-inner\">\n\t\t\t\t<div class=\"elementor-element elementor-element-ce8d141 elementor-widget elementor-widget-wd_image_or_svg\" data-id=\"ce8d141\" data-element_type=\"widget\" data-e-type=\"widget\" data-widget_type=\"wd_image_or_svg.default\">\n\t\t\t\t<div class=\"elementor-widget-container\">\n\t\t\t\t\t\n\t\t<div class=\"wd-image text-left photoswipe-images\">\n\t\t\t\t\t\t\t<a  href=\"https:\/\/moravka.rs\/wp-content\/uploads\/2024\/06\/ISO-45001-2018-vazi-do-2026.-na-srpskom.jpg\"data-width=\"707\" data-height=\"1000\" data-elementor-open-lightbox=\"no\" aria-label=\"Image link\">\n\t\t\t\t\t\t\t\t<img loading=\"lazy\" decoding=\"async\" width=\"707\" height=\"1000\" src=\"https:\/\/moravka.rs\/wp-content\/uploads\/2024\/06\/ISO-45001-2018-vazi-do-2026.-na-srpskom.jpg\" class=\"attachment-full size-full\" alt=\"\" srcset=\"https:\/\/moravka.rs\/wp-content\/uploads\/2024\/06\/ISO-45001-2018-vazi-do-2026.-na-srpskom.jpg 707w, https:\/\/moravka.rs\/wp-content\/uploads\/2024\/06\/ISO-45001-2018-vazi-do-2026.-na-srpskom-212x300.jpg 212w, https:\/\/moravka.rs\/wp-content\/uploads\/2024\/06\/ISO-45001-2018-vazi-do-2026.-na-srpskom-566x800.jpg 566w, https:\/\/moravka.rs\/wp-content\/uploads\/2024\/06\/ISO-45001-2018-vazi-do-2026.-na-srpskom-8x12.jpg 8w, https:\/\/moravka.rs\/wp-content\/uploads\/2024\/06\/ISO-45001-2018-vazi-do-2026.-na-srpskom-430x608.jpg 430w, https:\/\/moravka.rs\/wp-content\/uploads\/2024\/06\/ISO-45001-2018-vazi-do-2026.-na-srpskom-150x212.jpg 150w\" sizes=\"(max-width: 707px) 100vw, 707px\" \/>\t\t\t\t\t\t\t<\/a>\n\t\t\t\t\t<\/div>\n\n\t\t\t\t\t\t<\/div>\n\t\t\t\t<\/div>\n\t\t\t\t<div class=\"elementor-element elementor-element-b7b3ff2 elementor-widget elementor-widget-heading\" data-id=\"b7b3ff2\" data-element_type=\"widget\" data-e-type=\"widget\" data-widget_type=\"heading.default\">\n\t\t\t\t<div class=\"elementor-widget-container\">\n\t\t\t\t\t<h3 class=\"elementor-heading-title elementor-size-default\">ISO 45001 2018 (SR)<\/h3>\t\t\t\t<\/div>\n\t\t\t\t<\/div>\n\t\t\t\t<div class=\"elementor-element elementor-element-5a423fb color-scheme-inherit text-left elementor-widget elementor-widget-text-editor\" data-id=\"5a423fb\" data-element_type=\"widget\" data-e-type=\"widget\" data-widget_type=\"text-editor.default\">\n\t\t\t\t<div class=\"elementor-widget-container\">\n\t\t\t\t\t\t\t\t\t<p style=\"text-align: center;\"><em> Valid until 2026.<\/em><\/p>\t\t\t\t\t\t\t\t<\/div>\n\t\t\t\t<\/div>\n\t\t\t\t\t<\/div>\n\t\t\t\t<\/div>\n\t\t<div class=\"wd-negative-gap elementor-element elementor-element-dfac614 e-flex e-con-boxed e-con e-child\" data-id=\"dfac614\" data-element_type=\"container\" data-e-type=\"container\">\n\t\t\t\t\t<div class=\"e-con-inner\">\n\t\t\t\t<div class=\"elementor-element elementor-element-51d73c7 elementor-widget elementor-widget-wd_image_or_svg\" data-id=\"51d73c7\" data-element_type=\"widget\" data-e-type=\"widget\" data-widget_type=\"wd_image_or_svg.default\">\n\t\t\t\t<div class=\"elementor-widget-container\">\n\t\t\t\t\t\n\t\t<div class=\"wd-image text-left photoswipe-images\">\n\t\t\t\t\t\t\t<a  href=\"https:\/\/moravka.rs\/wp-content\/uploads\/2024\/06\/ISO-45001-2018-vazi-do-2026.jpg\"data-width=\"707\" data-height=\"1000\" data-elementor-open-lightbox=\"no\" aria-label=\"Image link\">\n\t\t\t\t\t\t\t\t<img loading=\"lazy\" decoding=\"async\" width=\"707\" height=\"1000\" src=\"https:\/\/moravka.rs\/wp-content\/uploads\/2024\/06\/ISO-45001-2018-vazi-do-2026.jpg\" class=\"attachment-full size-full\" alt=\"\" srcset=\"https:\/\/moravka.rs\/wp-content\/uploads\/2024\/06\/ISO-45001-2018-vazi-do-2026.jpg 707w, https:\/\/moravka.rs\/wp-content\/uploads\/2024\/06\/ISO-45001-2018-vazi-do-2026-212x300.jpg 212w, https:\/\/moravka.rs\/wp-content\/uploads\/2024\/06\/ISO-45001-2018-vazi-do-2026-566x800.jpg 566w, https:\/\/moravka.rs\/wp-content\/uploads\/2024\/06\/ISO-45001-2018-vazi-do-2026-8x12.jpg 8w, https:\/\/moravka.rs\/wp-content\/uploads\/2024\/06\/ISO-45001-2018-vazi-do-2026-430x608.jpg 430w, https:\/\/moravka.rs\/wp-content\/uploads\/2024\/06\/ISO-45001-2018-vazi-do-2026-150x212.jpg 150w\" sizes=\"(max-width: 707px) 100vw, 707px\" \/>\t\t\t\t\t\t\t<\/a>\n\t\t\t\t\t<\/div>\n\n\t\t\t\t\t\t<\/div>\n\t\t\t\t<\/div>\n\t\t\t\t<div class=\"elementor-element elementor-element-dc9158a elementor-widget elementor-widget-heading\" data-id=\"dc9158a\" data-element_type=\"widget\" data-e-type=\"widget\" data-widget_type=\"heading.default\">\n\t\t\t\t<div class=\"elementor-widget-container\">\n\t\t\t\t\t<h3 class=\"elementor-heading-title elementor-size-default\">ISO 45001 2018 (EN)<\/h3>\t\t\t\t<\/div>\n\t\t\t\t<\/div>\n\t\t\t\t<div class=\"elementor-element elementor-element-20a4cd5 color-scheme-inherit text-left elementor-widget elementor-widget-text-editor\" data-id=\"20a4cd5\" data-element_type=\"widget\" data-e-type=\"widget\" data-widget_type=\"text-editor.default\">\n\t\t\t\t<div class=\"elementor-widget-container\">\n\t\t\t\t\t\t\t\t\t<p style=\"text-align: center;\"><em> Valid until 2026.<\/em><\/p>\t\t\t\t\t\t\t\t<\/div>\n\t\t\t\t<\/div>\n\t\t\t\t\t<\/div>\n\t\t\t\t<\/div>\n\t\t<div class=\"wd-negative-gap elementor-element elementor-element-93ca24d e-flex e-con-boxed e-con e-child\" data-id=\"93ca24d\" data-element_type=\"container\" data-e-type=\"container\">\n\t\t\t\t\t<div class=\"e-con-inner\">\n\t\t\t\t<div class=\"elementor-element elementor-element-1202d14 elementor-widget elementor-widget-wd_image_or_svg\" data-id=\"1202d14\" data-element_type=\"widget\" data-e-type=\"widget\" data-widget_type=\"wd_image_or_svg.default\">\n\t\t\t\t<div class=\"elementor-widget-container\">\n\t\t\t\t\t\n\t\t<div class=\"wd-image text-left photoswipe-images\">\n\t\t\t\t\t\t\t<a  href=\"https:\/\/moravka.rs\/wp-content\/uploads\/2024\/06\/RSPO-2023.jpg\"data-width=\"707\" data-height=\"1000\" data-elementor-open-lightbox=\"no\" aria-label=\"Image link\">\n\t\t\t\t\t\t\t\t<img loading=\"lazy\" decoding=\"async\" width=\"707\" height=\"1000\" src=\"https:\/\/moravka.rs\/wp-content\/uploads\/2024\/06\/RSPO-2023.jpg\" class=\"attachment-full size-full\" alt=\"\" srcset=\"https:\/\/moravka.rs\/wp-content\/uploads\/2024\/06\/RSPO-2023.jpg 707w, https:\/\/moravka.rs\/wp-content\/uploads\/2024\/06\/RSPO-2023-212x300.jpg 212w, https:\/\/moravka.rs\/wp-content\/uploads\/2024\/06\/RSPO-2023-566x800.jpg 566w, https:\/\/moravka.rs\/wp-content\/uploads\/2024\/06\/RSPO-2023-8x12.jpg 8w, https:\/\/moravka.rs\/wp-content\/uploads\/2024\/06\/RSPO-2023-430x608.jpg 430w, https:\/\/moravka.rs\/wp-content\/uploads\/2024\/06\/RSPO-2023-150x212.jpg 150w\" sizes=\"(max-width: 707px) 100vw, 707px\" \/>\t\t\t\t\t\t\t<\/a>\n\t\t\t\t\t<\/div>\n\n\t\t\t\t\t\t<\/div>\n\t\t\t\t<\/div>\n\t\t\t\t<div class=\"elementor-element elementor-element-a78c5e4 elementor-widget elementor-widget-heading\" data-id=\"a78c5e4\" data-element_type=\"widget\" data-e-type=\"widget\" data-widget_type=\"heading.default\">\n\t\t\t\t<div class=\"elementor-widget-container\">\n\t\t\t\t\t<h3 class=\"elementor-heading-title elementor-size-default\">RSPO 2023<\/h3>\t\t\t\t<\/div>\n\t\t\t\t<\/div>\n\t\t\t\t\t<\/div>\n\t\t\t\t<\/div>\n\t\t\t\t\t<\/div>\n\t\t\t\t<\/div>\n\t\t<div class=\"wd-negative-gap elementor-element elementor-element-dbb2345 e-flex e-con-boxed e-con e-parent\" data-id=\"dbb2345\" data-element_type=\"container\" data-e-type=\"container\" data-settings=\"{&quot;background_background&quot;:&quot;classic&quot;}\">\n\t\t\t\t\t<div class=\"e-con-inner\">\n\t\t<div class=\"wd-negative-gap elementor-element elementor-element-25f2fa8 e-flex e-con-boxed e-con e-child\" data-id=\"25f2fa8\" data-element_type=\"container\" data-e-type=\"container\">\n\t\t\t\t\t<div class=\"e-con-inner\">\n\t\t\t\t<div class=\"elementor-element elementor-element-2f8c73a elementor-widget elementor-widget-wd_image_or_svg\" data-id=\"2f8c73a\" data-element_type=\"widget\" data-e-type=\"widget\" data-widget_type=\"wd_image_or_svg.default\">\n\t\t\t\t<div class=\"elementor-widget-container\">\n\t\t\t\t\t\n\t\t<div class=\"wd-image text-left photoswipe-images\">\n\t\t\t\t\t\t\t<a  href=\"https:\/\/moravka.rs\/wp-content\/uploads\/2024\/06\/RAINFOREST-ALLIANCE-CERTIFICATE.jpg\"data-width=\"1000\" data-height=\"777\" data-elementor-open-lightbox=\"no\" aria-label=\"Image link\">\n\t\t\t\t\t\t\t\t<img loading=\"lazy\" decoding=\"async\" width=\"1000\" height=\"777\" src=\"https:\/\/moravka.rs\/wp-content\/uploads\/2024\/06\/RAINFOREST-ALLIANCE-CERTIFICATE.jpg\" class=\"attachment-full size-full\" alt=\"\" srcset=\"https:\/\/moravka.rs\/wp-content\/uploads\/2024\/06\/RAINFOREST-ALLIANCE-CERTIFICATE.jpg 1000w, https:\/\/moravka.rs\/wp-content\/uploads\/2024\/06\/RAINFOREST-ALLIANCE-CERTIFICATE-386x300.jpg 386w, https:\/\/moravka.rs\/wp-content\/uploads\/2024\/06\/RAINFOREST-ALLIANCE-CERTIFICATE-768x597.jpg 768w, https:\/\/moravka.rs\/wp-content\/uploads\/2024\/06\/RAINFOREST-ALLIANCE-CERTIFICATE-15x12.jpg 15w, https:\/\/moravka.rs\/wp-content\/uploads\/2024\/06\/RAINFOREST-ALLIANCE-CERTIFICATE-430x334.jpg 430w, https:\/\/moravka.rs\/wp-content\/uploads\/2024\/06\/RAINFOREST-ALLIANCE-CERTIFICATE-150x117.jpg 150w\" sizes=\"(max-width: 1000px) 100vw, 1000px\" \/>\t\t\t\t\t\t\t<\/a>\n\t\t\t\t\t<\/div>\n\n\t\t\t\t\t\t<\/div>\n\t\t\t\t<\/div>\n\t\t\t\t<div class=\"elementor-element elementor-element-d0bf1bb elementor-widget elementor-widget-heading\" data-id=\"d0bf1bb\" data-element_type=\"widget\" data-e-type=\"widget\" data-widget_type=\"heading.default\">\n\t\t\t\t<div class=\"elementor-widget-container\">\n\t\t\t\t\t<h3 class=\"elementor-heading-title elementor-size-default\">RAINFOREST ALLIANCE CERTIFICATE<\/h3>\t\t\t\t<\/div>\n\t\t\t\t<\/div>\n\t\t\t\t\t<\/div>\n\t\t\t\t<\/div>\n\t\t<div class=\"elementor-element elementor-element-e53d0c4 elementor-hidden-tablet elementor-hidden-mobile e-con-full e-flex e-con e-child\" data-id=\"e53d0c4\" data-element_type=\"container\" data-e-type=\"container\">\n\t\t\t\t<div class=\"elementor-element elementor-element-922c5ef elementor-widget elementor-widget-wd_image_or_svg\" data-id=\"922c5ef\" data-element_type=\"widget\" data-e-type=\"widget\" data-widget_type=\"wd_image_or_svg.default\">\n\t\t\t\t<div class=\"elementor-widget-container\">\n\t\t\t\t\t\n\t\t<div class=\"wd-image text-left photoswipe-images\">\n\t\t\t\t\t\t\t<a  href=\"https:\/\/moravka.rs\/wp-content\/uploads\/2026\/03\/MORAVKA-PRO-DOO-LESKOVAC_29441429_IFS-Food_Certificate_Renewal-2.jpg\"data-width=\"1240\" data-height=\"1755\" data-elementor-open-lightbox=\"no\" aria-label=\"Image link\">\n\t\t\t\t\t\t\t\t<img loading=\"lazy\" decoding=\"async\" width=\"1240\" height=\"1755\" src=\"https:\/\/moravka.rs\/wp-content\/uploads\/2026\/03\/MORAVKA-PRO-DOO-LESKOVAC_29441429_IFS-Food_Certificate_Renewal-2.jpg\" class=\"attachment-full size-full\" alt=\"\" srcset=\"https:\/\/moravka.rs\/wp-content\/uploads\/2026\/03\/MORAVKA-PRO-DOO-LESKOVAC_29441429_IFS-Food_Certificate_Renewal-2.jpg 1240w, https:\/\/moravka.rs\/wp-content\/uploads\/2026\/03\/MORAVKA-PRO-DOO-LESKOVAC_29441429_IFS-Food_Certificate_Renewal-2-212x300.jpg 212w, https:\/\/moravka.rs\/wp-content\/uploads\/2026\/03\/MORAVKA-PRO-DOO-LESKOVAC_29441429_IFS-Food_Certificate_Renewal-2-565x800.jpg 565w, https:\/\/moravka.rs\/wp-content\/uploads\/2026\/03\/MORAVKA-PRO-DOO-LESKOVAC_29441429_IFS-Food_Certificate_Renewal-2-768x1087.jpg 768w, https:\/\/moravka.rs\/wp-content\/uploads\/2026\/03\/MORAVKA-PRO-DOO-LESKOVAC_29441429_IFS-Food_Certificate_Renewal-2-1085x1536.jpg 1085w, https:\/\/moravka.rs\/wp-content\/uploads\/2026\/03\/MORAVKA-PRO-DOO-LESKOVAC_29441429_IFS-Food_Certificate_Renewal-2-8x12.jpg 8w, https:\/\/moravka.rs\/wp-content\/uploads\/2026\/03\/MORAVKA-PRO-DOO-LESKOVAC_29441429_IFS-Food_Certificate_Renewal-2-430x609.jpg 430w, https:\/\/moravka.rs\/wp-content\/uploads\/2026\/03\/MORAVKA-PRO-DOO-LESKOVAC_29441429_IFS-Food_Certificate_Renewal-2-150x212.jpg 150w\" sizes=\"(max-width: 1240px) 100vw, 1240px\" \/>\t\t\t\t\t\t\t<\/a>\n\t\t\t\t\t<\/div>\n\n\t\t\t\t\t\t<\/div>\n\t\t\t\t<\/div>\n\t\t\t\t<div class=\"elementor-element elementor-element-8c3f87b elementor-widget elementor-widget-heading\" data-id=\"8c3f87b\" data-element_type=\"widget\" data-e-type=\"widget\" data-widget_type=\"heading.default\">\n\t\t\t\t<div class=\"elementor-widget-container\">\n\t\t\t\t\t<h3 class=\"elementor-heading-title elementor-size-default\">IFS FOOD<\/h3>\t\t\t\t<\/div>\n\t\t\t\t<\/div>\n\t\t\t\t<div class=\"elementor-element elementor-element-2aad162 color-scheme-inherit text-left elementor-widget elementor-widget-text-editor\" data-id=\"2aad162\" data-element_type=\"widget\" data-e-type=\"widget\" data-widget_type=\"text-editor.default\">\n\t\t\t\t<div class=\"elementor-widget-container\">\n\t\t\t\t\t\t\t\t\t<p style=\"text-align: center;\"><em> Va\u017ei do 2027. godine<\/em><\/p>\t\t\t\t\t\t\t\t<\/div>\n\t\t\t\t<\/div>\n\t\t\t\t<\/div>\n\t\t<div class=\"elementor-element elementor-element-8811a70 e-con-full e-flex e-con e-child\" data-id=\"8811a70\" data-element_type=\"container\" data-e-type=\"container\">\n\t\t\t\t<div class=\"elementor-element elementor-element-1b8c6d2 elementor-widget elementor-widget-wd_image_or_svg\" data-id=\"1b8c6d2\" data-element_type=\"widget\" data-e-type=\"widget\" data-widget_type=\"wd_image_or_svg.default\">\n\t\t\t\t<div class=\"elementor-widget-container\">\n\t\t\t\t\t\n\t\t<div class=\"wd-image text-left photoswipe-images\">\n\t\t\t\t\t\t\t<a  href=\"https:\/\/moravka.rs\/wp-content\/uploads\/2024\/11\/Politika-organizacija.jpg\"data-width=\"1240\" data-height=\"1753\" data-elementor-open-lightbox=\"no\" aria-label=\"Image link\">\n\t\t\t\t\t\t\t\t<img loading=\"lazy\" decoding=\"async\" width=\"1240\" height=\"1753\" src=\"https:\/\/moravka.rs\/wp-content\/uploads\/2024\/11\/Politika-organizacija.jpg\" class=\"attachment-full size-full\" alt=\"\" srcset=\"https:\/\/moravka.rs\/wp-content\/uploads\/2024\/11\/Politika-organizacija.jpg 1240w, https:\/\/moravka.rs\/wp-content\/uploads\/2024\/11\/Politika-organizacija-212x300.jpg 212w, https:\/\/moravka.rs\/wp-content\/uploads\/2024\/11\/Politika-organizacija-566x800.jpg 566w, https:\/\/moravka.rs\/wp-content\/uploads\/2024\/11\/Politika-organizacija-768x1086.jpg 768w, https:\/\/moravka.rs\/wp-content\/uploads\/2024\/11\/Politika-organizacija-1087x1536.jpg 1087w, https:\/\/moravka.rs\/wp-content\/uploads\/2024\/11\/Politika-organizacija-8x12.jpg 8w, https:\/\/moravka.rs\/wp-content\/uploads\/2024\/11\/Politika-organizacija-430x608.jpg 430w, https:\/\/moravka.rs\/wp-content\/uploads\/2024\/11\/Politika-organizacija-150x212.jpg 150w\" sizes=\"(max-width: 1240px) 100vw, 1240px\" \/>\t\t\t\t\t\t\t<\/a>\n\t\t\t\t\t<\/div>\n\n\t\t\t\t\t\t<\/div>\n\t\t\t\t<\/div>\n\t\t\t\t<div class=\"elementor-element elementor-element-605405e elementor-widget elementor-widget-heading\" data-id=\"605405e\" data-element_type=\"widget\" data-e-type=\"widget\" data-widget_type=\"heading.default\">\n\t\t\t\t<div class=\"elementor-widget-container\">\n\t\t\t\t\t<h3 class=\"elementor-heading-title elementor-size-default\">ORGANIZATION POLICY<\/h3>\t\t\t\t<\/div>\n\t\t\t\t<\/div>\n\t\t\t\t<\/div>\n\t\t\t\t\t<\/div>\n\t\t\t\t<\/div>\n\t\t\t\t<\/div>","protected":false},"excerpt":{"rendered":"<p>Kvalitet i bezbednost Moravkini sertifikati kvaliteta Na\u0161a misija je da isporu\u010dimo kvalitetne i bezbedne proizvode na\u0161im kupcima i partnerima. Sertifikati<\/p>","protected":false},"author":1,"featured_media":0,"parent":0,"menu_order":0,"comment_status":"closed","ping_status":"closed","template":"","meta":{"footnotes":""},"class_list":["post-19129","page","type-page","status-publish","hentry"],"_links":{"self":[{"href":"https:\/\/moravka.rs\/en\/wp-json\/wp\/v2\/pages\/19129","targetHints":{"allow":["GET"]}}],"collection":[{"href":"https:\/\/moravka.rs\/en\/wp-json\/wp\/v2\/pages"}],"about":[{"href":"https:\/\/moravka.rs\/en\/wp-json\/wp\/v2\/types\/page"}],"author":[{"embeddable":true,"href":"https:\/\/moravka.rs\/en\/wp-json\/wp\/v2\/users\/1"}],"replies":[{"embeddable":true,"href":"https:\/\/moravka.rs\/en\/wp-json\/wp\/v2\/comments?post=19129"}],"version-history":[{"count":18,"href":"https:\/\/moravka.rs\/en\/wp-json\/wp\/v2\/pages\/19129\/revisions"}],"predecessor-version":[{"id":22641,"href":"https:\/\/moravka.rs\/en\/wp-json\/wp\/v2\/pages\/19129\/revisions\/22641"}],"wp:attachment":[{"href":"https:\/\/moravka.rs\/en\/wp-json\/wp\/v2\/media?parent=19129"}],"curies":[{"name":"wp","href":"https:\/\/api.w.org\/{rel}","templated":true}]}}