{"id":19413,"date":"2024-06-04T10:49:55","date_gmt":"2024-06-04T10:49:55","guid":{"rendered":"https:\/\/nova.moravka.rs\/?page_id=19413"},"modified":"2024-10-14T08:28:41","modified_gmt":"2024-10-14T08:28:41","slug":"galerija","status":"publish","type":"page","link":"https:\/\/moravka.rs\/en\/galerija\/","title":{"rendered":"Gallery"},"content":{"rendered":"<div data-elementor-type=\"wp-page\" data-elementor-id=\"19413\" class=\"elementor elementor-19413\">\n\t\t\t\t<div class=\"wd-negative-gap elementor-element elementor-element-9d6b808 e-flex e-con-boxed e-con e-parent\" data-id=\"9d6b808\" data-element_type=\"container\" data-e-type=\"container\">\n\t\t\t\t\t<div class=\"e-con-inner\">\n\t\t\t\t<div class=\"elementor-element elementor-element-215e972 wd-width-100 elementor-widget elementor-widget-wd_title\" data-id=\"215e972\" data-element_type=\"widget\" data-e-type=\"widget\" data-widget_type=\"wd_title.default\">\n\t\t\t\t<div class=\"elementor-widget-container\">\n\t\t\t\t\t\t\t<div class=\"title-wrapper wd-set-mb reset-last-child wd-title-color-primary wd-title-style-underlined-2 wd-title-size-extra-large text-center\">\n\n\t\t\t\t\t\t\t\t\t\t\t<div class=\"title-subtitle subtitle-color-primary subtitle-style-default wd-fontsize-m\">\n\t\t\t\t\tExperience our tradition and innovation through pictures\t\t\t\t<\/div>\n\t\t\t\n\t\t\t<div class=\"liner-continer\">\n\t\t\t\t<h1 class=\"woodmart-title-container title wd-fontsize-xxxl\">Our story<\/h1> \n\t\t\t\t\t\t\t<\/div>\n\n\t\t\t\t\t<\/div>\n\t\t\t\t\t\t<\/div>\n\t\t\t\t<\/div>\n\t\t\t\t\t<\/div>\n\t\t\t\t<\/div>\n\t\t<div class=\"wd-negative-gap elementor-element elementor-element-bd7706b wd-section-stretch e-flex e-con-boxed e-con e-parent\" data-id=\"bd7706b\" data-element_type=\"container\" data-e-type=\"container\" data-settings=\"{&quot;background_background&quot;:&quot;classic&quot;,&quot;shape_divider_top&quot;:&quot;wd_sweet_wave&quot;,&quot;shape_divider_bottom&quot;:&quot;wd_sweet_wave&quot;}\">\n\t\t\t\t\t<div class=\"e-con-inner\">\n\t\t\t\t<div class=\"elementor-shape elementor-shape-top\" aria-hidden=\"true\" data-negative=\"false\">\n\t\t\t<svg width=\"100%\" height=\"50px\" viewbox=\"0 0 1920 80\" xmlns=\"http:\/\/www.w3.org\/2000\/svg\" class=\"wd-divider\" preserveaspectratio=\"none\">\n<path class=\"elementor-shape-fill\" d=\"M1920,60s-169.5,20-510,20S850.5,20,510,20,0,60,0,60V0H1920Z\" \/>\n<\/svg>\n\t\t<\/div>\n\t\t\t\t<div class=\"elementor-shape elementor-shape-bottom\" aria-hidden=\"true\" data-negative=\"false\">\n\t\t\t<svg width=\"100%\" height=\"50px\" viewbox=\"0 0 1920 80\" xmlns=\"http:\/\/www.w3.org\/2000\/svg\" class=\"wd-divider\" preserveaspectratio=\"none\">\n<path class=\"elementor-shape-fill\" d=\"M1920,60s-169.5,20-510,20S850.5,20,510,20,0,60,0,60V0H1920Z\" \/>\n<\/svg>\n\t\t<\/div>\n\t\t<div class=\"elementor-element elementor-element-13229df e-con-full e-flex e-con e-child\" data-id=\"13229df\" data-element_type=\"container\" data-e-type=\"container\">\n\t\t<div class=\"elementor-element elementor-element-5c4dfbe e-con-full e-flex e-con e-child\" data-id=\"5c4dfbe\" data-element_type=\"container\" data-e-type=\"container\">\n\t\t\t\t<div class=\"elementor-element elementor-element-83f9839 wd-width-100 elementor-widget elementor-widget-wd_title\" data-id=\"83f9839\" data-element_type=\"widget\" data-e-type=\"widget\" data-widget_type=\"wd_title.default\">\n\t\t\t\t<div class=\"elementor-widget-container\">\n\t\t\t\t\t\t\t<div class=\"title-wrapper wd-set-mb reset-last-child wd-title-color-alt wd-title-style-default wd-title-size-extra-large text-center\">\n\n\t\t\t\n\t\t\t<div class=\"liner-continer\">\n\t\t\t\t<h2 class=\"woodmart-title-container title wd-fontsize-xxxl\">Proizvodnja na delu<\/h2> \n\t\t\t\t\t\t\t<\/div>\n\n\t\t\t\t\t<\/div>\n\t\t\t\t\t\t<\/div>\n\t\t\t\t<\/div>\n\t\t\t\t<div class=\"elementor-element elementor-element-0c05b3a elementor-widget elementor-widget-wd_text_block\" data-id=\"0c05b3a\" data-element_type=\"widget\" data-e-type=\"widget\" data-widget_type=\"wd_text_block.default\">\n\t\t\t\t<div class=\"elementor-widget-container\">\n\t\t\t\t\t\t\t<div class=\"wd-text-block reset-last-child text-center\">\n\t\t\t\n\t\t\t<p>Let us reveal to you how the magic of Moravka's kitchen is created, take a look at the production process and find out how  some of our products are made.<\/p>\n\t\t\t\t\t<\/div>\n\t\t\t\t\t\t<\/div>\n\t\t\t\t<\/div>\n\t\t\t\t<\/div>\n\t\t\t\t<\/div>\n\t\t<div class=\"elementor-element elementor-element-3d1a976 e-con-full e-flex e-con e-child\" data-id=\"3d1a976\" data-element_type=\"container\" data-e-type=\"container\" data-settings=\"{&quot;background_background&quot;:&quot;classic&quot;}\">\n\t\t<div class=\"elementor-element elementor-element-6ba03ab e-con-full e-flex e-con e-child\" data-id=\"6ba03ab\" data-element_type=\"container\" data-e-type=\"container\">\n\t\t\t\t<div class=\"elementor-element elementor-element-09c2949 wd-width-100 elementor-widget elementor-widget-wd_images_gallery\" data-id=\"09c2949\" data-element_type=\"widget\" data-e-type=\"widget\" data-widget_type=\"wd_images_gallery.default\">\n\t\t\t\t<div class=\"elementor-widget-container\">\n\t\t\t\t\t\t\t<div class=\"wd-images-gallery photoswipe-images wd-carousel-container\" style=\"--wd-align-items:center; --wd-justify-content:center;\">\n\t\t\t\t\t\t\t<div class=\"wd-carousel-inner\">\n\t\t\t\t\t\t<div class=\"wd-carousel wd-grid\" data-speed=\"5000\" data-autoplay=\"yes\" data-autoheight=\"yes\" data-scroll_per_page=\"yes\" style=\"--wd-col-lg:1;--wd-col-md:1;--wd-col-sm:1;--wd-gap-lg:20px;--wd-gap-sm:10px;\">\n\t\t\t\t\t\t\t\t\t<div class=\"wd-carousel-wrap\">\n\t\t\t\t\t\t\t\t\t\t\t\t\t\t\t\t\t\t<div class=\"wd-gallery-item wd-carousel-item\">\n\t\t\t\t\t\t\t\t\t\t\t\t\t<a  href=\"https:\/\/moravka.rs\/wp-content\/uploads\/2024\/09\/Filipo-proizvodnja.jpg\" data-width=\"800\" data-height=\"533\" data-index=\"1\" data-elementor-open-lightbox=\"no\">\n\t\t\t\t\t\t\n\t\t\t\t\t\t<img fetchpriority=\"high\" decoding=\"async\" width=\"450\" height=\"300\" src=\"https:\/\/moravka.rs\/wp-content\/uploads\/2024\/09\/Filipo-proizvodnja-450x300.jpg\" class=\"attachment-x300 size-x300\" alt=\"Filipo proizvodnja\" srcset=\"https:\/\/moravka.rs\/wp-content\/uploads\/2024\/09\/Filipo-proizvodnja-450x300.jpg 450w, https:\/\/moravka.rs\/wp-content\/uploads\/2024\/09\/Filipo-proizvodnja-400x267.jpg 400w, https:\/\/moravka.rs\/wp-content\/uploads\/2024\/09\/Filipo-proizvodnja-768x512.jpg 768w, https:\/\/moravka.rs\/wp-content\/uploads\/2024\/09\/Filipo-proizvodnja-18x12.jpg 18w, https:\/\/moravka.rs\/wp-content\/uploads\/2024\/09\/Filipo-proizvodnja-430x286.jpg 430w, https:\/\/moravka.rs\/wp-content\/uploads\/2024\/09\/Filipo-proizvodnja-150x100.jpg 150w, https:\/\/moravka.rs\/wp-content\/uploads\/2024\/09\/Filipo-proizvodnja.jpg 800w\" sizes=\"(max-width: 450px) 100vw, 450px\" \/>\n\t\t\t\t\t\t\t\t\t\t\t\t\t<\/a>\n\t\t\t\t\t\t\t\t\t\t\t<\/div>\n\t\t\t\t\t\t\t\t\t\t\t\t\t\t\t<div class=\"wd-gallery-item wd-carousel-item\">\n\t\t\t\t\t\t\t\t\t\t\t\t\t<a  href=\"https:\/\/moravka.rs\/wp-content\/uploads\/2024\/09\/Ljubica-provera-kafe.jpg\" data-width=\"800\" data-height=\"533\" data-index=\"2\" data-elementor-open-lightbox=\"no\">\n\t\t\t\t\t\t\n\t\t\t\t\t\t<img decoding=\"async\" width=\"450\" height=\"300\" src=\"https:\/\/moravka.rs\/wp-content\/uploads\/2024\/09\/Ljubica-provera-kafe-450x300.jpg\" class=\"attachment-x300 size-x300\" alt=\"Ljubica provera kafe\" srcset=\"https:\/\/moravka.rs\/wp-content\/uploads\/2024\/09\/Ljubica-provera-kafe-450x300.jpg 450w, https:\/\/moravka.rs\/wp-content\/uploads\/2024\/09\/Ljubica-provera-kafe-400x267.jpg 400w, https:\/\/moravka.rs\/wp-content\/uploads\/2024\/09\/Ljubica-provera-kafe-768x512.jpg 768w, https:\/\/moravka.rs\/wp-content\/uploads\/2024\/09\/Ljubica-provera-kafe-18x12.jpg 18w, https:\/\/moravka.rs\/wp-content\/uploads\/2024\/09\/Ljubica-provera-kafe-430x286.jpg 430w, https:\/\/moravka.rs\/wp-content\/uploads\/2024\/09\/Ljubica-provera-kafe-150x100.jpg 150w, https:\/\/moravka.rs\/wp-content\/uploads\/2024\/09\/Ljubica-provera-kafe.jpg 800w\" sizes=\"(max-width: 450px) 100vw, 450px\" \/>\n\t\t\t\t\t\t\t\t\t\t\t\t\t<\/a>\n\t\t\t\t\t\t\t\t\t\t\t<\/div>\n\t\t\t\t\t\t\t\t\t\t\t\t\t\t\t<div class=\"wd-gallery-item wd-carousel-item\">\n\t\t\t\t\t\t\t\t\t\t\t\t\t<a  href=\"https:\/\/moravka.rs\/wp-content\/uploads\/2024\/09\/Testiranje-kafe-Moravka.jpg\" data-width=\"800\" data-height=\"533\" data-index=\"3\" data-elementor-open-lightbox=\"no\">\n\t\t\t\t\t\t\n\t\t\t\t\t\t<img decoding=\"async\" width=\"450\" height=\"300\" src=\"https:\/\/moravka.rs\/wp-content\/uploads\/2024\/09\/Testiranje-kafe-Moravka-450x300.jpg\" class=\"attachment-x300 size-x300\" alt=\"Testiranje kafe Moravka\" srcset=\"https:\/\/moravka.rs\/wp-content\/uploads\/2024\/09\/Testiranje-kafe-Moravka-450x300.jpg 450w, https:\/\/moravka.rs\/wp-content\/uploads\/2024\/09\/Testiranje-kafe-Moravka-400x267.jpg 400w, https:\/\/moravka.rs\/wp-content\/uploads\/2024\/09\/Testiranje-kafe-Moravka-768x512.jpg 768w, https:\/\/moravka.rs\/wp-content\/uploads\/2024\/09\/Testiranje-kafe-Moravka-18x12.jpg 18w, https:\/\/moravka.rs\/wp-content\/uploads\/2024\/09\/Testiranje-kafe-Moravka-430x286.jpg 430w, https:\/\/moravka.rs\/wp-content\/uploads\/2024\/09\/Testiranje-kafe-Moravka-150x100.jpg 150w, https:\/\/moravka.rs\/wp-content\/uploads\/2024\/09\/Testiranje-kafe-Moravka.jpg 800w\" sizes=\"(max-width: 450px) 100vw, 450px\" \/>\n\t\t\t\t\t\t\t\t\t\t\t\t\t<\/a>\n\t\t\t\t\t\t\t\t\t\t\t<\/div>\n\t\t\t\t\t\t\t\t\t\t\t\t\t\t\t<div class=\"wd-gallery-item wd-carousel-item\">\n\t\t\t\t\t\t\t\t\t\t\t\t\t<a  href=\"https:\/\/moravka.rs\/wp-content\/uploads\/2024\/09\/Waffer-proizvodnja.png\" data-width=\"765\" data-height=\"800\" data-index=\"4\" data-elementor-open-lightbox=\"no\">\n\t\t\t\t\t\t\n\t\t\t\t\t\t<img loading=\"lazy\" decoding=\"async\" width=\"287\" height=\"300\" src=\"https:\/\/moravka.rs\/wp-content\/uploads\/2024\/09\/Waffer-proizvodnja-287x300.png\" class=\"attachment-x300 size-x300\" alt=\"Waffer proizvodnja\" srcset=\"https:\/\/moravka.rs\/wp-content\/uploads\/2024\/09\/Waffer-proizvodnja-287x300.png 287w, https:\/\/moravka.rs\/wp-content\/uploads\/2024\/09\/Waffer-proizvodnja-11x12.png 11w, https:\/\/moravka.rs\/wp-content\/uploads\/2024\/09\/Waffer-proizvodnja-430x450.png 430w, https:\/\/moravka.rs\/wp-content\/uploads\/2024\/09\/Waffer-proizvodnja-150x157.png 150w, https:\/\/moravka.rs\/wp-content\/uploads\/2024\/09\/Waffer-proizvodnja.png 765w\" sizes=\"(max-width: 287px) 100vw, 287px\" \/>\n\t\t\t\t\t\t\t\t\t\t\t\t\t<\/a>\n\t\t\t\t\t\t\t\t\t\t\t<\/div>\n\t\t\t\t\t\t\t\t\t\t\t\t\t\t\t\t<\/div>\n\t\t\t\t\t\t\t\t<\/div>\n\t\t\t\t\t\t\t\t\t\t\t\t\t\t<div class=\"wd-nav-arrows wd-pos-sep wd-hover-1 wd-icon-1\">\n\t\t\t<div class=\"wd-btn-arrow wd-prev wd-disabled\">\n\t\t\t\t<div class=\"wd-arrow-inner\"><\/div>\n\t\t\t<\/div>\n\t\t\t<div class=\"wd-btn-arrow wd-next\">\n\t\t\t\t<div class=\"wd-arrow-inner\"><\/div>\n\t\t\t<\/div>\n\t\t<\/div>\n\t\t\t\t\t\t\n\t\t\t\t<\/div>\n\n\t\t\t\t\t\t\t\t\t\t\t\t\t<\/div>\n\t\t\t\t\t\t<\/div>\n\t\t\t\t<\/div>\n\t\t\t\t<\/div>\n\t\t\t\t<\/div>\n\t\t\t\t\t<\/div>\n\t\t\t\t<\/div>\n\t\t<div class=\"wd-negative-gap elementor-element elementor-element-46ea93a wd-section-stretch e-flex e-con-boxed e-con e-parent\" data-id=\"46ea93a\" data-element_type=\"container\" data-e-type=\"container\" data-settings=\"{&quot;background_background&quot;:&quot;classic&quot;,&quot;shape_divider_top&quot;:&quot;wd_sweet_wave&quot;,&quot;shape_divider_bottom&quot;:&quot;wd_sweet_wave&quot;}\">\n\t\t\t\t\t<div class=\"e-con-inner\">\n\t\t\t\t<div class=\"elementor-shape elementor-shape-top\" aria-hidden=\"true\" data-negative=\"false\">\n\t\t\t<svg width=\"100%\" height=\"50px\" viewbox=\"0 0 1920 80\" xmlns=\"http:\/\/www.w3.org\/2000\/svg\" class=\"wd-divider\" preserveaspectratio=\"none\">\n<path class=\"elementor-shape-fill\" d=\"M1920,60s-169.5,20-510,20S850.5,20,510,20,0,60,0,60V0H1920Z\" \/>\n<\/svg>\n\t\t<\/div>\n\t\t\t\t<div class=\"elementor-shape elementor-shape-bottom\" aria-hidden=\"true\" data-negative=\"false\">\n\t\t\t<svg width=\"100%\" height=\"50px\" viewbox=\"0 0 1920 80\" xmlns=\"http:\/\/www.w3.org\/2000\/svg\" class=\"wd-divider\" preserveaspectratio=\"none\">\n<path class=\"elementor-shape-fill\" d=\"M1920,60s-169.5,20-510,20S850.5,20,510,20,0,60,0,60V0H1920Z\" \/>\n<\/svg>\n\t\t<\/div>\n\t\t<div class=\"elementor-element elementor-element-21ac279 e-con-full e-flex e-con e-child\" data-id=\"21ac279\" data-element_type=\"container\" data-e-type=\"container\" data-settings=\"{&quot;background_background&quot;:&quot;classic&quot;}\">\n\t\t<div class=\"elementor-element elementor-element-e10f8ef e-con-full e-flex e-con e-child\" data-id=\"e10f8ef\" data-element_type=\"container\" data-e-type=\"container\">\n\t\t\t\t<div class=\"elementor-element elementor-element-cd98f81 elementor-widget elementor-widget-video\" data-id=\"cd98f81\" data-element_type=\"widget\" data-e-type=\"widget\" data-settings=\"{&quot;youtube_url&quot;:&quot;https:\\\/\\\/www.youtube.com\\\/watch?v=UJKDJ2gR2Ks&quot;,&quot;video_type&quot;:&quot;youtube&quot;,&quot;controls&quot;:&quot;yes&quot;}\" data-widget_type=\"video.default\">\n\t\t\t\t<div class=\"elementor-widget-container\">\n\t\t\t\t\t\t\t<div class=\"elementor-wrapper elementor-open-inline\">\n\t\t\t<div class=\"elementor-video\"><\/div>\t\t<\/div>\n\t\t\t\t\t\t<\/div>\n\t\t\t\t<\/div>\n\t\t\t\t<\/div>\n\t\t\t\t<\/div>\n\t\t<div class=\"elementor-element elementor-element-7956263 e-con-full e-flex e-con e-child\" data-id=\"7956263\" data-element_type=\"container\" data-e-type=\"container\">\n\t\t<div class=\"elementor-element elementor-element-cc9500f e-con-full e-flex e-con e-child\" data-id=\"cc9500f\" data-element_type=\"container\" data-e-type=\"container\">\n\t\t\t\t<div class=\"elementor-element elementor-element-f83a8e7 wd-width-100 elementor-widget elementor-widget-wd_title\" data-id=\"f83a8e7\" data-element_type=\"widget\" data-e-type=\"widget\" data-widget_type=\"wd_title.default\">\n\t\t\t\t<div class=\"elementor-widget-container\">\n\t\t\t\t\t\t\t<div class=\"title-wrapper wd-set-mb reset-last-child wd-title-color-alt wd-title-style-default wd-title-size-extra-large text-center\">\n\n\t\t\t\n\t\t\t<div class=\"liner-continer\">\n\t\t\t\t<h2 class=\"woodmart-title-container title wd-fontsize-xxxl\">Discover the creation of your favorite candy - Waffer wafers<\/h2> \n\t\t\t\t\t\t\t<\/div>\n\n\t\t\t\t\t<\/div>\n\t\t\t\t\t\t<\/div>\n\t\t\t\t<\/div>\n\t\t\t\t<div class=\"elementor-element elementor-element-6b611ab elementor-widget elementor-widget-wd_text_block\" data-id=\"6b611ab\" data-element_type=\"widget\" data-e-type=\"widget\" data-widget_type=\"wd_text_block.default\">\n\t\t\t\t<div class=\"elementor-widget-container\">\n\t\t\t\t\t\t\t<div class=\"wd-text-block reset-last-child text-center\">\n\t\t\t\n\t\t\t<p>We invite you to take a peek into our factory where the crunchiest wafers  and everything that makes the art of enjoying a sweet moment with Waffer is produced.<\/p>\n\t\t\t\t\t<\/div>\n\t\t\t\t\t\t<\/div>\n\t\t\t\t<\/div>\n\t\t\t\t<\/div>\n\t\t\t\t<\/div>\n\t\t\t\t\t<\/div>\n\t\t\t\t<\/div>\n\t\t<div class=\"wd-negative-gap elementor-element elementor-element-55127f4 wd-section-stretch e-flex e-con-boxed e-con e-parent\" data-id=\"55127f4\" data-element_type=\"container\" data-e-type=\"container\" data-settings=\"{&quot;background_background&quot;:&quot;classic&quot;,&quot;shape_divider_top&quot;:&quot;wd_sweet_wave&quot;,&quot;shape_divider_bottom&quot;:&quot;wd_sweet_wave&quot;}\">\n\t\t\t\t\t<div class=\"e-con-inner\">\n\t\t\t\t<div class=\"elementor-shape elementor-shape-top\" aria-hidden=\"true\" data-negative=\"false\">\n\t\t\t<svg width=\"100%\" height=\"50px\" viewbox=\"0 0 1920 80\" xmlns=\"http:\/\/www.w3.org\/2000\/svg\" class=\"wd-divider\" preserveaspectratio=\"none\">\n<path class=\"elementor-shape-fill\" d=\"M1920,60s-169.5,20-510,20S850.5,20,510,20,0,60,0,60V0H1920Z\" \/>\n<\/svg>\n\t\t<\/div>\n\t\t\t\t<div class=\"elementor-shape elementor-shape-bottom\" aria-hidden=\"true\" data-negative=\"false\">\n\t\t\t<svg width=\"100%\" height=\"50px\" viewbox=\"0 0 1920 80\" xmlns=\"http:\/\/www.w3.org\/2000\/svg\" class=\"wd-divider\" preserveaspectratio=\"none\">\n<path class=\"elementor-shape-fill\" d=\"M1920,60s-169.5,20-510,20S850.5,20,510,20,0,60,0,60V0H1920Z\" \/>\n<\/svg>\n\t\t<\/div>\n\t\t<div class=\"elementor-element elementor-element-d5a3bd3 e-con-full e-flex e-con e-child\" data-id=\"d5a3bd3\" data-element_type=\"container\" data-e-type=\"container\">\n\t\t<div class=\"elementor-element elementor-element-6c94cc6 e-con-full e-flex e-con e-child\" data-id=\"6c94cc6\" data-element_type=\"container\" data-e-type=\"container\">\n\t\t\t\t<div class=\"elementor-element elementor-element-098e736 wd-width-100 elementor-widget elementor-widget-wd_title\" data-id=\"098e736\" data-element_type=\"widget\" data-e-type=\"widget\" data-widget_type=\"wd_title.default\">\n\t\t\t\t<div class=\"elementor-widget-container\">\n\t\t\t\t\t\t\t<div class=\"title-wrapper wd-set-mb reset-last-child wd-title-color-alt wd-title-style-default wd-title-size-extra-large text-center\">\n\n\t\t\t\n\t\t\t<div class=\"liner-continer\">\n\t\t\t\t<h2 class=\"woodmart-title-container title wd-fontsize-xxxl\">Moravka Pro - production<\/h2> \n\t\t\t\t\t\t\t<\/div>\n\n\t\t\t\t\t<\/div>\n\t\t\t\t\t\t<\/div>\n\t\t\t\t<\/div>\n\t\t\t\t<div class=\"elementor-element elementor-element-b351f5a elementor-widget elementor-widget-wd_text_block\" data-id=\"b351f5a\" data-element_type=\"widget\" data-e-type=\"widget\" data-widget_type=\"wd_text_block.default\">\n\t\t\t\t<div class=\"elementor-widget-container\">\n\t\t\t\t\t\t\t<div class=\"wd-text-block reset-last-child text-center\">\n\t\t\t\n\t\t\t<p><span class=\"yt-core-attributed-string yt-core-attributed-string--white-space-pre-wrap\" dir=\"auto\" role=\"text\"><span class=\"yt-core-attributed-string--link-inherit-color\" dir=\"auto\">Let us reveal to you how the magic of Moravka's kitchen is created, take a look at the production process and find out how some of our products are made.<\/span><\/span><\/p>\n\t\t\t\t\t<\/div>\n\t\t\t\t\t\t<\/div>\n\t\t\t\t<\/div>\n\t\t\t\t<\/div>\n\t\t\t\t<\/div>\n\t\t<div class=\"elementor-element elementor-element-68c4428 e-con-full e-flex e-con e-child\" data-id=\"68c4428\" data-element_type=\"container\" data-e-type=\"container\" data-settings=\"{&quot;background_background&quot;:&quot;classic&quot;}\">\n\t\t<div class=\"elementor-element elementor-element-c31f37f e-con-full e-flex e-con e-child\" data-id=\"c31f37f\" data-element_type=\"container\" data-e-type=\"container\">\n\t\t\t\t<div class=\"elementor-element elementor-element-8ea0544 elementor-widget elementor-widget-video\" data-id=\"8ea0544\" data-element_type=\"widget\" data-e-type=\"widget\" data-settings=\"{&quot;youtube_url&quot;:&quot;https:\\\/\\\/www.youtube.com\\\/watch?v=Y4hiPyENwV0&amp;t=10s&quot;,&quot;video_type&quot;:&quot;youtube&quot;,&quot;controls&quot;:&quot;yes&quot;}\" data-widget_type=\"video.default\">\n\t\t\t\t<div class=\"elementor-widget-container\">\n\t\t\t\t\t\t\t<div class=\"elementor-wrapper elementor-open-inline\">\n\t\t\t<div class=\"elementor-video\"><\/div>\t\t<\/div>\n\t\t\t\t\t\t<\/div>\n\t\t\t\t<\/div>\n\t\t\t\t<\/div>\n\t\t\t\t<\/div>\n\t\t\t\t\t<\/div>\n\t\t\t\t<\/div>\n\t\t<div class=\"wd-negative-gap elementor-element elementor-element-1dceb58 wd-section-stretch e-flex e-con-boxed e-con e-parent\" data-id=\"1dceb58\" data-element_type=\"container\" data-e-type=\"container\" data-settings=\"{&quot;background_background&quot;:&quot;classic&quot;,&quot;shape_divider_top&quot;:&quot;wd_sweet_wave&quot;,&quot;shape_divider_bottom&quot;:&quot;wd_sweet_wave&quot;}\">\n\t\t\t\t\t<div class=\"e-con-inner\">\n\t\t\t\t<div class=\"elementor-shape elementor-shape-top\" aria-hidden=\"true\" data-negative=\"false\">\n\t\t\t<svg width=\"100%\" height=\"50px\" viewbox=\"0 0 1920 80\" xmlns=\"http:\/\/www.w3.org\/2000\/svg\" class=\"wd-divider\" preserveaspectratio=\"none\">\n<path class=\"elementor-shape-fill\" d=\"M1920,60s-169.5,20-510,20S850.5,20,510,20,0,60,0,60V0H1920Z\" \/>\n<\/svg>\n\t\t<\/div>\n\t\t\t\t<div class=\"elementor-shape elementor-shape-bottom\" aria-hidden=\"true\" data-negative=\"false\">\n\t\t\t<svg width=\"100%\" height=\"50px\" viewbox=\"0 0 1920 80\" xmlns=\"http:\/\/www.w3.org\/2000\/svg\" class=\"wd-divider\" preserveaspectratio=\"none\">\n<path class=\"elementor-shape-fill\" d=\"M1920,60s-169.5,20-510,20S850.5,20,510,20,0,60,0,60V0H1920Z\" \/>\n<\/svg>\n\t\t<\/div>\n\t\t<div class=\"elementor-element elementor-element-0081006 e-con-full e-flex e-con e-child\" data-id=\"0081006\" data-element_type=\"container\" data-e-type=\"container\" data-settings=\"{&quot;background_background&quot;:&quot;classic&quot;}\">\n\t\t<div class=\"elementor-element elementor-element-03d9b03 e-con-full e-flex e-con e-child\" data-id=\"03d9b03\" data-element_type=\"container\" data-e-type=\"container\">\n\t\t\t\t<div class=\"elementor-element elementor-element-6b40ecd elementor-widget elementor-widget-video\" data-id=\"6b40ecd\" data-element_type=\"widget\" data-e-type=\"widget\" data-settings=\"{&quot;youtube_url&quot;:&quot;https:\\\/\\\/www.youtube.com\\\/watch?v=bygYkSfBHxM&quot;,&quot;video_type&quot;:&quot;youtube&quot;,&quot;controls&quot;:&quot;yes&quot;}\" data-widget_type=\"video.default\">\n\t\t\t\t<div class=\"elementor-widget-container\">\n\t\t\t\t\t\t\t<div class=\"elementor-wrapper elementor-open-inline\">\n\t\t\t<div class=\"elementor-video\"><\/div>\t\t<\/div>\n\t\t\t\t\t\t<\/div>\n\t\t\t\t<\/div>\n\t\t\t\t<\/div>\n\t\t\t\t<\/div>\n\t\t<div class=\"elementor-element elementor-element-616871e e-con-full e-flex e-con e-child\" data-id=\"616871e\" data-element_type=\"container\" data-e-type=\"container\">\n\t\t<div class=\"elementor-element elementor-element-9179039 e-con-full e-flex e-con e-child\" data-id=\"9179039\" data-element_type=\"container\" data-e-type=\"container\">\n\t\t\t\t<div class=\"elementor-element elementor-element-4945917 wd-width-100 elementor-widget elementor-widget-wd_title\" data-id=\"4945917\" data-element_type=\"widget\" data-e-type=\"widget\" data-widget_type=\"wd_title.default\">\n\t\t\t\t<div class=\"elementor-widget-container\">\n\t\t\t\t\t\t\t<div class=\"title-wrapper wd-set-mb reset-last-child wd-title-color-alt wd-title-style-default wd-title-size-extra-large text-center\">\n\n\t\t\t\n\t\t\t<div class=\"liner-continer\">\n\t\t\t\t<h2 class=\"woodmart-title-container title wd-fontsize-xxxl\">How our Cafe Kafica is created<\/h2> \n\t\t\t\t\t\t\t<\/div>\n\n\t\t\t\t\t<\/div>\n\t\t\t\t\t\t<\/div>\n\t\t\t\t<\/div>\n\t\t\t\t<div class=\"elementor-element elementor-element-ad6e9ae elementor-widget elementor-widget-wd_text_block\" data-id=\"ad6e9ae\" data-element_type=\"widget\" data-e-type=\"widget\" data-widget_type=\"wd_text_block.default\">\n\t\t\t\t<div class=\"elementor-widget-container\">\n\t\t\t\t\t\t\t<div class=\"wd-text-block reset-last-child text-center\">\n\t\t\t\n\t\t\t<p>Our coffee stands out due to the specially selected beans, a unique recipe, and a carefully created roasting and grinding process that highlight its distinctive aroma. Explore our coffee production journey from the plantation to the coffee shop\u2014a path we're excited to share with you!<\/p>\n\t\t\t\t\t<\/div>\n\t\t\t\t\t\t<\/div>\n\t\t\t\t<\/div>\n\t\t\t\t<\/div>\n\t\t\t\t<\/div>\n\t\t\t\t\t<\/div>\n\t\t\t\t<\/div>\n\t\t\t\t<\/div>","protected":false},"excerpt":{"rendered":"<p>Do\u017eivite na\u0161u tradiciju i inovacije kroz slike Na\u0161a pri\u010da Proizvodnja na delu Hajde da vam otkrijemo kako nastaje \u010darolija iz<\/p>","protected":false},"author":1,"featured_media":0,"parent":0,"menu_order":0,"comment_status":"closed","ping_status":"closed","template":"","meta":{"footnotes":""},"class_list":["post-19413","page","type-page","status-publish","hentry"],"_links":{"self":[{"href":"https:\/\/moravka.rs\/en\/wp-json\/wp\/v2\/pages\/19413","targetHints":{"allow":["GET"]}}],"collection":[{"href":"https:\/\/moravka.rs\/en\/wp-json\/wp\/v2\/pages"}],"about":[{"href":"https:\/\/moravka.rs\/en\/wp-json\/wp\/v2\/types\/page"}],"author":[{"embeddable":true,"href":"https:\/\/moravka.rs\/en\/wp-json\/wp\/v2\/users\/1"}],"replies":[{"embeddable":true,"href":"https:\/\/moravka.rs\/en\/wp-json\/wp\/v2\/comments?post=19413"}],"version-history":[{"count":0,"href":"https:\/\/moravka.rs\/en\/wp-json\/wp\/v2\/pages\/19413\/revisions"}],"wp:attachment":[{"href":"https:\/\/moravka.rs\/en\/wp-json\/wp\/v2\/media?parent=19413"}],"curies":[{"name":"wp","href":"https:\/\/api.w.org\/{rel}","templated":true}]}}