{"id":21057,"date":"2024-09-21T08:56:13","date_gmt":"2024-09-21T08:56:13","guid":{"rendered":"https:\/\/nova.moravka.rs\/?page_id=21057"},"modified":"2024-11-25T07:37:21","modified_gmt":"2024-11-25T07:37:21","slug":"nasi-brendovi","status":"publish","type":"page","link":"https:\/\/moravka.rs\/en\/nasi-brendovi\/","title":{"rendered":"Our Brands"},"content":{"rendered":"<div data-elementor-type=\"wp-page\" data-elementor-id=\"21057\" class=\"elementor elementor-21057\">\n\t\t\t\t<div class=\"wd-negative-gap elementor-element elementor-element-d23f17e e-flex e-con-boxed e-con e-parent\" data-id=\"d23f17e\" data-element_type=\"container\" data-e-type=\"container\">\n\t\t\t\t\t<div class=\"e-con-inner\">\n\t\t\t\t<div class=\"elementor-element elementor-element-f612f69 wd-width-100 elementor-widget elementor-widget-wd_title\" data-id=\"f612f69\" data-element_type=\"widget\" data-e-type=\"widget\" data-widget_type=\"wd_title.default\">\n\t\t\t\t<div class=\"elementor-widget-container\">\n\t\t\t\t\t\t\t<div class=\"title-wrapper wd-set-mb reset-last-child wd-title-color-primary wd-title-style-underlined-2 wd-title-size-extra-large text-center\">\n\n\t\t\t\t\t\t\t\t\t\t\t<div class=\"title-subtitle subtitle-color-primary subtitle-style-default wd-fontsize-m\">\n\t\t\t\t\tBrands under the roof of our house\t\t\t\t<\/div>\n\t\t\t\n\t\t\t<div class=\"liner-continer\">\n\t\t\t\t<h2 class=\"woodmart-title-container title wd-fontsize-xxxl\">Our Brands<\/h2> \n\t\t\t\t\t\t\t<\/div>\n\n\t\t\t\t\t<\/div>\n\t\t\t\t\t\t<\/div>\n\t\t\t\t<\/div>\n\t\t\t\t\t<\/div>\n\t\t\t\t<\/div>\n\t\t<div class=\"wd-negative-gap elementor-element elementor-element-ff7b227 e-grid e-con-boxed e-con e-parent\" data-id=\"ff7b227\" data-element_type=\"container\" data-e-type=\"container\">\n\t\t\t\t\t<div class=\"e-con-inner\">\n\t\t<div class=\"wd-negative-gap elementor-element elementor-element-73af037 e-flex e-con-boxed e-con e-child\" data-id=\"73af037\" data-element_type=\"container\" data-e-type=\"container\" data-settings=\"{&quot;background_background&quot;:&quot;classic&quot;}\">\n\t\t\t\t\t<div class=\"e-con-inner\">\n\t\t\t\t<div class=\"elementor-element elementor-element-07f3291 elementor-widget__width-initial elementor-widget elementor-widget-wd_image_or_svg\" data-id=\"07f3291\" data-element_type=\"widget\" data-e-type=\"widget\" data-widget_type=\"wd_image_or_svg.default\">\n\t\t\t\t<div class=\"elementor-widget-container\">\n\t\t\t\t\t\n\t\t<div class=\"wd-image text-center\">\n\t\t\t\t\t\t\t<a  href=\"https:\/\/moravka.rs\/en\/cafe-kafica\/\" aria-label=\"Image link\">\n\t\t\t\t\t\t\t\t<img decoding=\"async\" class=\"wd-lazy-fade\"  alt=\"cafe kafica white logo\" src=\"https:\/\/moravka.rs\/wp-content\/themes\/woodmart\/images\/lazy.svg\" data-src=\"https:\/\/moravka.rs\/wp-content\/uploads\/2024\/04\/CAFEKAFICA.svg\" title=\"cafekafica-white-logo\" loading=\"lazy\" width=\"200\">\t\t\t\t\t\t\t<\/a>\n\t\t\t\t\t<\/div>\n\n\t\t\t\t\t\t<\/div>\n\t\t\t\t<\/div>\n\t\t\t\t\t<\/div>\n\t\t\t\t<\/div>\n\t\t<div class=\"elementor-element elementor-element-a236eba e-con-full e-flex e-con e-child\" data-id=\"a236eba\" data-element_type=\"container\" data-e-type=\"container\" data-settings=\"{&quot;background_background&quot;:&quot;classic&quot;}\">\n\t\t\t\t<div class=\"elementor-element elementor-element-fb9ce4b elementor-widget elementor-widget-wd_image_or_svg\" data-id=\"fb9ce4b\" data-element_type=\"widget\" data-e-type=\"widget\" data-widget_type=\"wd_image_or_svg.default\">\n\t\t\t\t<div class=\"elementor-widget-container\">\n\t\t\t\t\t\n\t\t<div class=\"wd-image text-left\">\n\t\t\t\t\t\t\t<a  href=\"https:\/\/moravka.rs\/en\/moravka-brend\/\" aria-label=\"Image link\">\n\t\t\t\t\t\t\t\t<img decoding=\"async\" width=\"175\" height=\"62\" src=\"https:\/\/moravka.rs\/wp-content\/uploads\/2024\/03\/Moravka-pro-logo-transparent-300x107-1-175x62.png\" class=\"attachment-175x size-175x\" alt=\"\" srcset=\"https:\/\/moravka.rs\/wp-content\/uploads\/2024\/03\/Moravka-pro-logo-transparent-300x107-1-175x62.png 175w, https:\/\/moravka.rs\/wp-content\/uploads\/2024\/03\/Moravka-pro-logo-transparent-300x107-1-150x54.png 150w, https:\/\/moravka.rs\/wp-content\/uploads\/2024\/03\/Moravka-pro-logo-transparent-300x107-1-84x30.png 84w, https:\/\/moravka.rs\/wp-content\/uploads\/2024\/03\/Moravka-pro-logo-transparent-300x107-1-252x90.png 252w, https:\/\/moravka.rs\/wp-content\/uploads\/2024\/03\/Moravka-pro-logo-transparent-300x107-1-168x60.png 168w, https:\/\/moravka.rs\/wp-content\/uploads\/2024\/03\/Moravka-pro-logo-transparent-300x107-1-210x75.png 210w, https:\/\/moravka.rs\/wp-content\/uploads\/2024\/03\/Moravka-pro-logo-transparent-300x107-1.png 300w\" sizes=\"(max-width: 175px) 100vw, 175px\" \/>\t\t\t\t\t\t\t<\/a>\n\t\t\t\t\t<\/div>\n\n\t\t\t\t\t\t<\/div>\n\t\t\t\t<\/div>\n\t\t\t\t<\/div>\n\t\t<div class=\"wd-negative-gap elementor-element elementor-element-09744ea e-flex e-con-boxed e-con e-child\" data-id=\"09744ea\" data-element_type=\"container\" data-e-type=\"container\" data-settings=\"{&quot;background_background&quot;:&quot;classic&quot;}\">\n\t\t\t\t\t<div class=\"e-con-inner\">\n\t\t\t\t<div class=\"elementor-element elementor-element-011c59e elementor-widget elementor-widget-wd_image_or_svg\" data-id=\"011c59e\" data-element_type=\"widget\" data-e-type=\"widget\" data-widget_type=\"wd_image_or_svg.default\">\n\t\t\t\t<div class=\"elementor-widget-container\">\n\t\t\t\t\t\n\t\t<div class=\"wd-image text-left\">\n\t\t\t\t\t\t\t<a  href=\"https:\/\/moravka.rs\/en\/waffer\/\" aria-label=\"Image link\">\n\t\t\t\t\t\t\t\t<img decoding=\"async\" class=\"wd-lazy-fade\"  src=\"https:\/\/moravka.rs\/wp-content\/themes\/woodmart\/images\/lazy.svg\" data-src=\"https:\/\/moravka.rs\/wp-content\/uploads\/2024\/11\/Waffer-logo-new.svg\" title=\"Waffer logo new\" loading=\"lazy\" width=\"175\">\t\t\t\t\t\t\t<\/a>\n\t\t\t\t\t<\/div>\n\n\t\t\t\t\t\t<\/div>\n\t\t\t\t<\/div>\n\t\t\t\t\t<\/div>\n\t\t\t\t<\/div>\n\t\t<div class=\"elementor-element elementor-element-8708631 e-con-full e-flex e-con e-child\" data-id=\"8708631\" data-element_type=\"container\" data-e-type=\"container\" data-settings=\"{&quot;background_background&quot;:&quot;classic&quot;}\">\n\t\t\t\t<div class=\"elementor-element elementor-element-74777be elementor-widget elementor-widget-wd_image_or_svg\" data-id=\"74777be\" data-element_type=\"widget\" data-e-type=\"widget\" data-widget_type=\"wd_image_or_svg.default\">\n\t\t\t\t<div class=\"elementor-widget-container\">\n\t\t\t\t\t\n\t\t<div class=\"wd-image text-left\">\n\t\t\t\t\t\t\t<a  href=\"https:\/\/moravka.rs\/en\/che-pasta\/\" aria-label=\"Image link\">\n\t\t\t\t\t\t\t\t<img decoding=\"async\" width=\"175\" height=\"100\" src=\"https:\/\/moravka.rs\/wp-content\/uploads\/2024\/05\/CHE-PASTA-blank-175x100.png\" class=\"attachment-175x size-175x\" alt=\"\" srcset=\"https:\/\/moravka.rs\/wp-content\/uploads\/2024\/05\/CHE-PASTA-blank-175x100.png 175w, https:\/\/moravka.rs\/wp-content\/uploads\/2024\/05\/CHE-PASTA-blank-400x229.png 400w, https:\/\/moravka.rs\/wp-content\/uploads\/2024\/05\/CHE-PASTA-blank-430x246.png 430w, https:\/\/moravka.rs\/wp-content\/uploads\/2024\/05\/CHE-PASTA-blank-150x86.png 150w, https:\/\/moravka.rs\/wp-content\/uploads\/2024\/05\/CHE-PASTA-blank-200x114.png 200w, https:\/\/moravka.rs\/wp-content\/uploads\/2024\/05\/CHE-PASTA-blank-262x150.png 262w, https:\/\/moravka.rs\/wp-content\/uploads\/2024\/05\/CHE-PASTA-blank-210x120.png 210w, https:\/\/moravka.rs\/wp-content\/uploads\/2024\/05\/CHE-PASTA-blank.png 551w\" sizes=\"(max-width: 175px) 100vw, 175px\" \/>\t\t\t\t\t\t\t<\/a>\n\t\t\t\t\t<\/div>\n\n\t\t\t\t\t\t<\/div>\n\t\t\t\t<\/div>\n\t\t\t\t<\/div>\n\t\t<div class=\"elementor-element elementor-element-d9716a5 e-con-full e-flex e-con e-child\" data-id=\"d9716a5\" data-element_type=\"container\" data-e-type=\"container\" data-settings=\"{&quot;background_background&quot;:&quot;classic&quot;}\">\n\t\t\t\t<div class=\"elementor-element elementor-element-a37f621 elementor-widget elementor-widget-wd_image_or_svg\" data-id=\"a37f621\" data-element_type=\"widget\" data-e-type=\"widget\" data-widget_type=\"wd_image_or_svg.default\">\n\t\t\t\t<div class=\"elementor-widget-container\">\n\t\t\t\t\t\n\t\t<div class=\"wd-image text-left\">\n\t\t\t\t\t\t\t<a  href=\"https:\/\/moravka.rs\/en\/garden\/\" aria-label=\"Image link\">\n\t\t\t\t\t\t\t\t<img decoding=\"async\" class=\"wd-lazy-fade\"  alt=\"garden logo\" src=\"https:\/\/moravka.rs\/wp-content\/themes\/woodmart\/images\/lazy.svg\" data-src=\"https:\/\/moravka.rs\/wp-content\/uploads\/2024\/04\/GARDEN.svg\" title=\"garden logo\" loading=\"lazy\" width=\"175\">\t\t\t\t\t\t\t<\/a>\n\t\t\t\t\t<\/div>\n\n\t\t\t\t\t\t<\/div>\n\t\t\t\t<\/div>\n\t\t\t\t<\/div>\n\t\t<div class=\"elementor-element elementor-element-c9e5d5c e-con-full e-flex e-con e-child\" data-id=\"c9e5d5c\" data-element_type=\"container\" data-e-type=\"container\" data-settings=\"{&quot;background_background&quot;:&quot;classic&quot;}\">\n\t\t\t\t<div class=\"elementor-element elementor-element-0c8b7a3 elementor-widget elementor-widget-wd_image_or_svg\" data-id=\"0c8b7a3\" data-element_type=\"widget\" data-e-type=\"widget\" data-widget_type=\"wd_image_or_svg.default\">\n\t\t\t\t<div class=\"elementor-widget-container\">\n\t\t\t\t\t\n\t\t<div class=\"wd-image text-left\">\n\t\t\t\t\t\t\t<a  href=\"https:\/\/moravka.rs\/en\/sinfonia\/\" aria-label=\"Image link\">\n\t\t\t\t\t\t\t\t<img decoding=\"async\" class=\"wd-lazy-fade\"  alt=\"Sinfonia logo white original\" src=\"https:\/\/moravka.rs\/wp-content\/themes\/woodmart\/images\/lazy.svg\" data-src=\"https:\/\/moravka.rs\/wp-content\/uploads\/2024\/10\/Sinfonia-logo-white-original.svg\" title=\"Sinfonia logo white original\" loading=\"lazy\" width=\"150\">\t\t\t\t\t\t\t<\/a>\n\t\t\t\t\t<\/div>\n\n\t\t\t\t\t\t<\/div>\n\t\t\t\t<\/div>\n\t\t\t\t<\/div>\n\t\t<div class=\"elementor-element elementor-element-2d6df0f e-con-full e-flex e-con e-child\" data-id=\"2d6df0f\" data-element_type=\"container\" data-e-type=\"container\" data-settings=\"{&quot;background_background&quot;:&quot;classic&quot;}\">\n\t\t\t\t<div class=\"elementor-element elementor-element-800999f elementor-widget elementor-widget-wd_image_or_svg\" data-id=\"800999f\" data-element_type=\"widget\" data-e-type=\"widget\" data-widget_type=\"wd_image_or_svg.default\">\n\t\t\t\t<div class=\"elementor-widget-container\">\n\t\t\t\t\t\n\t\t<div class=\"wd-image text-left\">\n\t\t\t\t\t\t\t<a  href=\"https:\/\/moravka.rs\/en\/iz-vodenice\/\" aria-label=\"Image link\">\n\t\t\t\t\t\t\t\t<img decoding=\"async\" class=\"wd-lazy-fade\"  alt=\"iz vodenice white logo\" src=\"https:\/\/moravka.rs\/wp-content\/themes\/woodmart\/images\/lazy.svg\" data-src=\"https:\/\/moravka.rs\/wp-content\/uploads\/2024\/04\/IZ-VODENICE.svg\" title=\"iz-vodenice-white-logo\" loading=\"lazy\" width=\"150\">\t\t\t\t\t\t\t<\/a>\n\t\t\t\t\t<\/div>\n\n\t\t\t\t\t\t<\/div>\n\t\t\t\t<\/div>\n\t\t\t\t<\/div>\n\t\t<div class=\"elementor-element elementor-element-6aec498 e-con-full e-flex e-con e-child\" data-id=\"6aec498\" data-element_type=\"container\" data-e-type=\"container\" data-settings=\"{&quot;background_background&quot;:&quot;classic&quot;}\">\n\t\t\t\t<div class=\"elementor-element elementor-element-6e12090 elementor-widget elementor-widget-wd_image_or_svg\" data-id=\"6e12090\" data-element_type=\"widget\" data-e-type=\"widget\" data-widget_type=\"wd_image_or_svg.default\">\n\t\t\t\t<div class=\"elementor-widget-container\">\n\t\t\t\t\t\n\t\t<div class=\"wd-image text-left\">\n\t\t\t\t\t\t\t<a  href=\"https:\/\/moravka.rs\/en\/mora-tea\/\" aria-label=\"Image link\">\n\t\t\t\t\t\t\t\t<img decoding=\"async\" class=\"wd-lazy-fade\"  alt=\"moratea logo\" src=\"https:\/\/moravka.rs\/wp-content\/themes\/woodmart\/images\/lazy.svg\" data-src=\"https:\/\/moravka.rs\/wp-content\/uploads\/2024\/04\/MARATEA.svg\" title=\"moratea-logo\" loading=\"lazy\" width=\"175\">\t\t\t\t\t\t\t<\/a>\n\t\t\t\t\t<\/div>\n\n\t\t\t\t\t\t<\/div>\n\t\t\t\t<\/div>\n\t\t\t\t<\/div>\n\t\t<div class=\"elementor-element elementor-element-ae2c615 e-con-full e-flex e-con e-child\" data-id=\"ae2c615\" data-element_type=\"container\" data-e-type=\"container\" data-settings=\"{&quot;background_background&quot;:&quot;classic&quot;}\">\n\t\t\t\t<div class=\"elementor-element elementor-element-2b1b51d elementor-widget elementor-widget-wd_image_or_svg\" data-id=\"2b1b51d\" data-element_type=\"widget\" data-e-type=\"widget\" data-widget_type=\"wd_image_or_svg.default\">\n\t\t\t\t<div class=\"elementor-widget-container\">\n\t\t\t\t\t\n\t\t<div class=\"wd-image text-left\">\n\t\t\t\t\t\t\t<a  href=\"https:\/\/moravka.rs\/en\/nutri-pro\/\" aria-label=\"Image link\">\n\t\t\t\t\t\t\t\t<img decoding=\"async\" class=\"wd-lazy-fade\"  alt=\"nutri pro logo\" src=\"https:\/\/moravka.rs\/wp-content\/themes\/woodmart\/images\/lazy.svg\" data-src=\"https:\/\/moravka.rs\/wp-content\/uploads\/2024\/04\/NUTRI-PRO.svg\" title=\"nutri pro logo\" loading=\"lazy\" width=\"150\">\t\t\t\t\t\t\t<\/a>\n\t\t\t\t\t<\/div>\n\n\t\t\t\t\t\t<\/div>\n\t\t\t\t<\/div>\n\t\t\t\t<\/div>\n\t\t<div class=\"elementor-element elementor-element-c786268 e-con-full e-flex e-con e-child\" data-id=\"c786268\" data-element_type=\"container\" data-e-type=\"container\" data-settings=\"{&quot;background_background&quot;:&quot;classic&quot;}\">\n\t\t\t\t<div class=\"elementor-element elementor-element-0f7183c elementor-widget elementor-widget-wd_image_or_svg\" data-id=\"0f7183c\" data-element_type=\"widget\" data-e-type=\"widget\" data-widget_type=\"wd_image_or_svg.default\">\n\t\t\t\t<div class=\"elementor-widget-container\">\n\t\t\t\t\t\n\t\t<div class=\"wd-image text-left\">\n\t\t\t\t\t\t\t<a  href=\"https:\/\/moravka.rs\/en\/soosoo\/\" aria-label=\"Image link\">\n\t\t\t\t\t\t\t\t<img decoding=\"async\" class=\"wd-lazy-fade\"  alt=\"soo soo white logo transparent\" src=\"https:\/\/moravka.rs\/wp-content\/themes\/woodmart\/images\/lazy.svg\" data-src=\"https:\/\/moravka.rs\/wp-content\/uploads\/2024\/04\/SOOSOO.svg\" title=\"soosoo white logo transparent\" loading=\"lazy\" width=\"120\">\t\t\t\t\t\t\t<\/a>\n\t\t\t\t\t<\/div>\n\n\t\t\t\t\t\t<\/div>\n\t\t\t\t<\/div>\n\t\t\t\t<\/div>\n\t\t<div class=\"elementor-element elementor-element-0712299 e-con-full e-flex e-con e-child\" data-id=\"0712299\" data-element_type=\"container\" data-e-type=\"container\" data-settings=\"{&quot;background_background&quot;:&quot;classic&quot;}\">\n\t\t\t\t<div class=\"elementor-element elementor-element-82dc9b1 elementor-widget elementor-widget-wd_image_or_svg\" data-id=\"82dc9b1\" data-element_type=\"widget\" data-e-type=\"widget\" data-widget_type=\"wd_image_or_svg.default\">\n\t\t\t\t<div class=\"elementor-widget-container\">\n\t\t\t\t\t\n\t\t<div class=\"wd-image text-left\">\n\t\t\t\t\t\t\t<a  href=\"https:\/\/moravka.rs\/en\/nuts\/\" aria-label=\"Image link\">\n\t\t\t\t\t\t\t\t<img decoding=\"async\" class=\"wd-lazy-fade\"  alt=\"nuts logo transparent\" src=\"https:\/\/moravka.rs\/wp-content\/themes\/woodmart\/images\/lazy.svg\" data-src=\"https:\/\/moravka.rs\/wp-content\/uploads\/2024\/04\/NUTS.svg\" title=\"nuts logo transparent\" loading=\"lazy\" width=\"150\">\t\t\t\t\t\t\t<\/a>\n\t\t\t\t\t<\/div>\n\n\t\t\t\t\t\t<\/div>\n\t\t\t\t<\/div>\n\t\t\t\t<\/div>\n\t\t<div class=\"elementor-element elementor-element-516aeda e-con-full e-flex e-con e-child\" data-id=\"516aeda\" data-element_type=\"container\" data-e-type=\"container\" data-settings=\"{&quot;background_background&quot;:&quot;classic&quot;}\">\n\t\t\t\t<div class=\"elementor-element elementor-element-905fb68 elementor-widget elementor-widget-wd_image_or_svg\" data-id=\"905fb68\" data-element_type=\"widget\" data-e-type=\"widget\" data-widget_type=\"wd_image_or_svg.default\">\n\t\t\t\t<div class=\"elementor-widget-container\">\n\t\t\t\t\t\n\t\t<div class=\"wd-image text-left\">\n\t\t\t\t\t\t\t<a  href=\"https:\/\/moravka.rs\/en\/storia-finita\/\" aria-label=\"Image link\">\n\t\t\t\t\t\t\t\t<img decoding=\"async\" class=\"wd-lazy-fade\"  alt=\"storia finita logo\" src=\"https:\/\/moravka.rs\/wp-content\/themes\/woodmart\/images\/lazy.svg\" data-src=\"https:\/\/moravka.rs\/wp-content\/uploads\/2024\/04\/STORIA-FINITA.svg\" title=\"storia-finita-logo\" loading=\"lazy\" width=\"130\">\t\t\t\t\t\t\t<\/a>\n\t\t\t\t\t<\/div>\n\n\t\t\t\t\t\t<\/div>\n\t\t\t\t<\/div>\n\t\t\t\t<\/div>\n\t\t<div class=\"elementor-element elementor-element-6b285d5 e-con-full e-flex e-con e-child\" data-id=\"6b285d5\" data-element_type=\"container\" data-e-type=\"container\" data-settings=\"{&quot;background_background&quot;:&quot;classic&quot;}\">\n\t\t\t\t<div class=\"elementor-element elementor-element-5e7d167 elementor-widget elementor-widget-wd_image_or_svg\" data-id=\"5e7d167\" data-element_type=\"widget\" data-e-type=\"widget\" data-widget_type=\"wd_image_or_svg.default\">\n\t\t\t\t<div class=\"elementor-widget-container\">\n\t\t\t\t\t\n\t\t<div class=\"wd-image text-left\">\n\t\t\t\t\t\t\t<a  href=\"https:\/\/moravka.rs\/en\/mister-fit\/\" aria-label=\"Image link\">\n\t\t\t\t\t\t\t\t<img decoding=\"async\" class=\"wd-lazy-fade\"  alt=\"mister fit logo\" src=\"https:\/\/moravka.rs\/wp-content\/themes\/woodmart\/images\/lazy.svg\" data-src=\"https:\/\/moravka.rs\/wp-content\/uploads\/2024\/04\/MISTER-FIT.svg\" title=\"mister-fit-logo\" loading=\"lazy\" width=\"130\">\t\t\t\t\t\t\t<\/a>\n\t\t\t\t\t<\/div>\n\n\t\t\t\t\t\t<\/div>\n\t\t\t\t<\/div>\n\t\t\t\t<\/div>\n\t\t<div class=\"elementor-element elementor-element-a87ac77 e-con-full e-flex e-con e-child\" data-id=\"a87ac77\" data-element_type=\"container\" data-e-type=\"container\" data-settings=\"{&quot;background_background&quot;:&quot;classic&quot;}\">\n\t\t\t\t<div class=\"elementor-element elementor-element-ce240e7 elementor-widget elementor-widget-wd_image_or_svg\" data-id=\"ce240e7\" data-element_type=\"widget\" data-e-type=\"widget\" data-widget_type=\"wd_image_or_svg.default\">\n\t\t\t\t<div class=\"elementor-widget-container\">\n\t\t\t\t\t\n\t\t<div class=\"wd-image text-left\">\n\t\t\t\t\t\t\t<a  href=\"https:\/\/moravka.rs\/en\/nera\/\" aria-label=\"Image link\">\n\t\t\t\t\t\t\t\t<img decoding=\"async\" class=\"wd-lazy-fade\"  alt=\"nera kafa logo\" src=\"https:\/\/moravka.rs\/wp-content\/themes\/woodmart\/images\/lazy.svg\" data-src=\"https:\/\/moravka.rs\/wp-content\/uploads\/2024\/04\/NERA-KAFA.svg\" title=\"nera kafa logo\" loading=\"lazy\" width=\"150\">\t\t\t\t\t\t\t<\/a>\n\t\t\t\t\t<\/div>\n\n\t\t\t\t\t\t<\/div>\n\t\t\t\t<\/div>\n\t\t\t\t<\/div>\n\t\t<div class=\"elementor-element elementor-element-07c26ef e-con-full e-flex e-con e-child\" data-id=\"07c26ef\" data-element_type=\"container\" data-e-type=\"container\" data-settings=\"{&quot;background_background&quot;:&quot;classic&quot;}\">\n\t\t\t\t<div class=\"elementor-element elementor-element-534b03e elementor-widget elementor-widget-wd_image_or_svg\" data-id=\"534b03e\" data-element_type=\"widget\" data-e-type=\"widget\" data-widget_type=\"wd_image_or_svg.default\">\n\t\t\t\t<div class=\"elementor-widget-container\">\n\t\t\t\t\t\n\t\t<div class=\"wd-image text-left\">\n\t\t\t\t\t\t\t<a  href=\"https:\/\/moravka.rs\/en\/becker\/\" aria-label=\"Image link\">\n\t\t\t\t\t\t\t\t<img decoding=\"async\" class=\"wd-lazy-fade\"  alt=\"becker-logo\" src=\"https:\/\/moravka.rs\/wp-content\/themes\/woodmart\/images\/lazy.svg\" data-src=\"https:\/\/moravka.rs\/wp-content\/uploads\/2024\/04\/BECKER.svg\" title=\"becker logo\" loading=\"lazy\" width=\"150\">\t\t\t\t\t\t\t<\/a>\n\t\t\t\t\t<\/div>\n\n\t\t\t\t\t\t<\/div>\n\t\t\t\t<\/div>\n\t\t\t\t<\/div>\n\t\t\t\t\t<\/div>\n\t\t\t\t<\/div>\n\t\t\t\t<\/div>","protected":false},"excerpt":{"rendered":"<p>Brendovi pod krovom na\u0161e ku\u0107e Na\u0161i brendovi<\/p>","protected":false},"author":1,"featured_media":0,"parent":0,"menu_order":0,"comment_status":"closed","ping_status":"closed","template":"","meta":{"footnotes":""},"class_list":["post-21057","page","type-page","status-publish","hentry"],"_links":{"self":[{"href":"https:\/\/moravka.rs\/en\/wp-json\/wp\/v2\/pages\/21057","targetHints":{"allow":["GET"]}}],"collection":[{"href":"https:\/\/moravka.rs\/en\/wp-json\/wp\/v2\/pages"}],"about":[{"href":"https:\/\/moravka.rs\/en\/wp-json\/wp\/v2\/types\/page"}],"author":[{"embeddable":true,"href":"https:\/\/moravka.rs\/en\/wp-json\/wp\/v2\/users\/1"}],"replies":[{"embeddable":true,"href":"https:\/\/moravka.rs\/en\/wp-json\/wp\/v2\/comments?post=21057"}],"version-history":[{"count":0,"href":"https:\/\/moravka.rs\/en\/wp-json\/wp\/v2\/pages\/21057\/revisions"}],"wp:attachment":[{"href":"https:\/\/moravka.rs\/en\/wp-json\/wp\/v2\/media?parent=21057"}],"curies":[{"name":"wp","href":"https:\/\/api.w.org\/{rel}","templated":true}]}}